{"id":542,"date":"2024-08-16T17:22:37","date_gmt":"2024-08-16T16:22:37","guid":{"rendered":"https:\/\/www.tocharwetlands.ie\/teagmhail\/"},"modified":"2025-12-09T13:25:28","modified_gmt":"2025-12-09T13:25:28","slug":"teagmhail","status":"publish","type":"page","link":"https:\/\/www.tocharwetlands.ie\/ga\/teagmhail\/","title":{"rendered":"Teagmh\u00e1il"},"content":{"rendered":"\n<div class=\"wp-block-group alignfull has-ast-global-color-1-background-color has-background has-link-color wp-elements-6235d0fe1092e57ae7a5abd0aff7016e is-layout-constrained wp-block-group-is-layout-constrained\">\n<div class=\"wp-block-group alignfull has-ast-global-color-5-background-color has-background is-layout-constrained wp-block-group-is-layout-constrained\">\n<div class=\"wp-block-group is-layout-constrained wp-container-core-group-is-layout-621ffe1b wp-block-group-is-layout-constrained\" style=\"padding-top:50px;padding-right:50px;padding-bottom:50px;padding-left:50px\">\n<h1 class=\"wp-block-heading has-ast-global-color-2-color has-text-color has-link-color wp-elements-1755bbfb3e1f7bb96c2d93e392cac61f\"><mark style=\"background-color:rgba(0, 0, 0, 0)\" class=\"has-inline-color has-ast-global-color-1-color\">Teagmh\u00e1il<\/mark><\/h1>\n\n\n\n<p class=\"has-ast-global-color-7-color has-text-color has-link-color wp-elements-2c572af3d8989bc260ba0dac328d95ef\">Le haghaidh fiosr\u00fach\u00e1in ghinear\u00e1lta, d\u00e9an teagmh\u00e1il linn tr\u00edd an bhfoirm th\u00edos.<\/p>\n\n\n\n<div class=\"wp-block-columns has-ast-global-color-7-color has-text-color has-link-color wp-elements-932cfff9ded99fe57ba88e49bede6a8c is-layout-flex wp-container-core-columns-is-layout-e0e4babd wp-block-columns-is-layout-flex\" style=\"padding-right:0;padding-left:0\">\n<div class=\"wp-block-column is-layout-flow wp-block-column-is-layout-flow\">\n<div class=\"wp-block-contact-form-7-contact-form-selector\">\n<div class=\"wpcf7 no-js\" id=\"wpcf7-f550-o1\" lang=\"ga-IE\" dir=\"ltr\" data-wpcf7-id=\"550\">\n<div class=\"screen-reader-response\"><p role=\"status\" aria-live=\"polite\" aria-atomic=\"true\"><\/p> <ul><\/ul><\/div>\n<form action=\"\/ga\/wp-json\/wp\/v2\/pages\/542#wpcf7-f550-o1\" method=\"post\" class=\"wpcf7-form init\" aria-label=\"Contact form\" novalidate=\"novalidate\" data-status=\"init\">\n<fieldset class=\"hidden-fields-container\"><input type=\"hidden\" name=\"_wpcf7\" value=\"550\" \/><input type=\"hidden\" name=\"_wpcf7_version\" value=\"6.1.5\" \/><input type=\"hidden\" name=\"_wpcf7_locale\" value=\"ga_IE\" \/><input type=\"hidden\" name=\"_wpcf7_unit_tag\" value=\"wpcf7-f550-o1\" \/><input type=\"hidden\" name=\"_wpcf7_container_post\" value=\"0\" \/><input type=\"hidden\" name=\"_wpcf7_posted_data_hash\" value=\"\" \/>\n<\/fieldset>\n<p><label> D\u2019ainm <span class=\"wpcf7-form-control-wrap\" data-name=\"your-name\"><input size=\"40\" maxlength=\"400\" class=\"wpcf7-form-control wpcf7-text wpcf7-validates-as-required\" autocomplete=\"name\" aria-required=\"true\" aria-invalid=\"false\" value=\"\" type=\"text\" name=\"your-name\" \/><\/span> <\/label>\n<\/p>\n<p><label> Do R\u00edomhphost <span class=\"wpcf7-form-control-wrap\" data-name=\"your-email\"><input size=\"40\" maxlength=\"400\" class=\"wpcf7-form-control wpcf7-email wpcf7-validates-as-required wpcf7-text wpcf7-validates-as-email\" autocomplete=\"email\" aria-required=\"true\" aria-invalid=\"false\" value=\"\" type=\"email\" name=\"your-email\" \/><\/span> <\/label>\n<\/p>\n<p><label> Do R\u00edomhphost <span class=\"wpcf7-form-control-wrap\" data-name=\"your-subject\"><input size=\"40\" maxlength=\"400\" class=\"wpcf7-form-control wpcf7-text wpcf7-validates-as-required\" aria-required=\"true\" aria-invalid=\"false\" value=\"\" type=\"text\" name=\"your-subject\" \/><\/span> <\/label>\n<\/p>\n<p><label> Do Theachtaireacht (roghnach) <span class=\"wpcf7-form-control-wrap\" data-name=\"your-message\"><textarea cols=\"40\" rows=\"10\" maxlength=\"2000\" class=\"wpcf7-form-control wpcf7-textarea\" aria-invalid=\"false\" name=\"your-message\"><\/textarea><\/span> <\/label>\n<\/p>\n<p><div class=\"altcha-widget-wrap\"><altcha-widget challengeurl=\"https:\/\/www.tocharwetlands.ie\/ga\/wp-json\/altcha\/v1\/challenge\" strings=\"{&quot;error&quot;:&quot;Verification failed. Try again later.&quot;,&quot;footer&quot;:&quot;Protected by &lt;a href=\\&quot;https:\\\/\\\/altcha.org\\\/\\&quot; target=\\&quot;_blank\\&quot;&gt;ALTCHA&lt;\\\/a&gt;&quot;,&quot;label&quot;:&quot;I&#039;m not a robot&quot;,&quot;verified&quot;:&quot;Verified&quot;,&quot;verifying&quot;:&quot;Verifying...&quot;,&quot;waitAlert&quot;:&quot;Verifying... please wait.&quot;}\" hidefooter=\"1\"><\/altcha-widget><noscript><div class=\"altcha-no-javascript\">This form requires JavaScript!<\/div><\/noscript><\/div><input class=\"wpcf7-form-control wpcf7-submit has-spinner\" type=\"submit\" value=\"Cuir isteach\" \/>\n<\/p><div class=\"wpcf7-response-output\" aria-hidden=\"true\"><\/div>\n<\/form>\n<\/div>\n<\/div>\n<\/div>\n\n\n\n<div class=\"wp-block-column is-layout-flow wp-block-column-is-layout-flow\">\n<div class=\"wp-block-columns is-not-stacked-on-mobile is-layout-flex wp-container-core-columns-is-layout-28f84493 wp-block-columns-is-layout-flex\">\n<div class=\"wp-block-column is-layout-flow wp-block-column-is-layout-flow\" style=\"flex-basis:100px\"><\/div>\n\n\n\n<div class=\"wp-block-column is-vertically-aligned-center is-layout-flow wp-block-column-is-layout-flow\" style=\"flex-basis:66.66%\">\n<p><strong>Sc\u00e9im Athch\u00f3iri\u00fa Bogach T\u00f3char<\/strong><\/p>\n<\/div>\n<\/div>\n\n\n\n<div class=\"wp-block-columns is-not-stacked-on-mobile is-layout-flex wp-container-core-columns-is-layout-28f84493 wp-block-columns-is-layout-flex\">\n<div class=\"wp-block-column is-layout-flow wp-block-column-is-layout-flow\" style=\"flex-basis:100px\">\n<div class=\"wp-block-outermost-icon-block items-justified-center\"><div class=\"icon-container has-icon-color has-ast-global-color-1-color\" style=\"color:var(--ast-global-color-1);width:48px;transform:rotate(0deg) scaleX(1) scaleY(1)\"><svg xmlns=\"http:\/\/www.w3.org\/2000\/svg\" viewbox=\"0 0 24 24\" aria-hidden=\"true\"><path d=\"M20,4H4C2.895,4,2,4.895,2,6v12c0,1.105,0.895,2,2,2h16c1.105,0,2-0.895,2-2V6C22,4.895,21.105,4,20,4z M20,8.236l-8,4.882 L4,8.236V6h16V8.236z\"><\/path><\/svg><\/div><\/div>\n<\/div>\n\n\n\n<div class=\"wp-block-column is-vertically-aligned-center is-layout-flow wp-block-column-is-layout-flow\" style=\"flex-basis:66.66%\">\n<p>An Roinn Tith\u00edochta, Rialtais \u00c1iti\u00fail agus Oidhreachta<br\/>An tSeirbh\u00eds P\u00e1irceanna N\u00e1isi\u00fanta agus Fiadh\u00falra<br\/>Birr Technology Centre, St. Brendan\u2019s Street, Biorra,<br\/>Co. U\u00edbh Fhail\u00ed R42 HX39 <\/p>\n<\/div>\n<\/div>\n\n\n\n<div class=\"wp-block-columns is-not-stacked-on-mobile is-layout-flex wp-container-core-columns-is-layout-28f84493 wp-block-columns-is-layout-flex\">\n<div class=\"wp-block-column is-vertically-aligned-center is-layout-flow wp-block-column-is-layout-flow\" style=\"flex-basis:100px\">\n<div class=\"wp-block-outermost-icon-block items-justified-center\"><div class=\"icon-container has-icon-color has-ast-global-color-1-color\" style=\"color:var(--ast-global-color-1);width:48px;transform:rotate(0deg) scaleX(1) scaleY(1)\"><svg xmlns=\"http:\/\/www.w3.org\/2000\/svg\" width=\"24\" height=\"24\" viewbox=\"0 0 24 24\" aria-hidden=\"true\"><path d=\"M12.5939 21C14.1472 21 16.1269 20.5701 17.0711 20.1975L16.6447 18.879C16.0964 19.051 14.3299 19.6242 12.6548 19.6242C7.4467 19.6242 4.67513 16.8726 4.67513 12C4.67513 7.21338 7.50762 4.34713 12.2893 4.34713C17.132 4.34713 19.4162 7.55732 19.4162 10.7675C19.4162 14.035 19.0508 15.4968 17.4975 15.4968C16.5838 15.4968 16.0964 14.7803 16.0964 13.9777V7.5H14.4822V8.30255H14.3909C14.1777 7.67198 12.9898 7.12739 11.467 7.2707C9.18274 7.5 7.4467 9.27707 7.4467 11.8567C7.4467 14.5796 8.81726 16.672 11.467 16.758C13.203 16.8153 14.1168 16.0127 14.4822 15.1815H14.5736C14.7563 16.414 16.401 16.8439 17.467 16.8439C20.6954 16.8439 21 13.5764 21 10.7962C21 6.86943 18.0761 3 12.3807 3C6.50254 3 3 6.3535 3 11.9427C3 17.7325 6.38071 21 12.5939 21ZM11.7107 15.2962C9.73096 15.2962 9.03046 13.6051 9.03046 11.7707C9.03046 10.1083 10.0355 8.67516 11.7716 8.67516C13.599 8.67516 14.5736 9.36306 14.5736 11.7707C14.5736 14.1497 13.7513 15.2962 11.7107 15.2962Z\"><\/path><\/svg><\/div><\/div>\n<\/div>\n\n\n\n<div class=\"wp-block-column is-vertically-aligned-center is-layout-flow wp-block-column-is-layout-flow\" style=\"flex-basis:66.66%\">\n<p><a href=\"mailto:tocharwetlands@npws.gov.ie\">tocharwetlands@npws.gov.ie<\/a><\/p>\n<\/div>\n<\/div>\n<\/div>\n<\/div>\n\n\n\n<h2 class=\"wp-block-heading has-ast-global-color-1-color has-text-color has-link-color wp-elements-1577e2c6f765b4bcc6e9ba5a25b25607\"><strong>Teagmh\u00e1laithe Foirne<\/strong> <\/h2>\n\n\n\n<p class=\"has-ast-global-color-7-color has-text-color has-link-color wp-elements-ef479e7148d8cc712ffc8b80b4dc64fc\"><strong>Shirley Clerkin, Bainisteoir Tionscadail<\/strong><br\/><strong>Email:<\/strong> <a href=\"mailto:shirley.clerkin@npws.gov.ie\">shirley.clerkin@npws.gov.ie<\/a><br\/><strong>Mob:<\/strong> <a href=\"tel:+353862005556\">086 2005556<\/a><\/p>\n\n\n\n<p class=\"has-ast-global-color-7-color has-text-color has-link-color wp-elements-7c561248e4fa7adb70ab04135acae003\"><strong>Monica Byrne, Riarth\u00f3ir Tionscadail<\/strong><br\/><strong>Email:<\/strong> <a href=\"mailto:monicam.byrne@npws.gov.ie\">monicam.byrne@npws.gov.ie<\/a><br\/><strong>Tel:<\/strong> <a href=\"tel:+35315393160\">01 5393160<\/a><br\/><strong>Mob:<\/strong> <a href=\"tel:+353868055040\">086 8055040<\/a><\/p>\n<\/div>\n<\/div>\n<\/div>\n\n<p><\/p>\n","protected":false},"excerpt":{"rendered":"<p>Teagmh\u00e1il Le haghaidh fiosr\u00fach\u00e1in ghinear\u00e1lta, d\u00e9an teagmh\u00e1il linn tr\u00edd an bhfoirm th\u00edos. Sc\u00e9im Athch\u00f3iri\u00fa Bogach T\u00f3char An Roinn Tith\u00edochta, Rialtais [&hellip;]<\/p>\n","protected":false},"author":2,"featured_media":1509,"parent":0,"menu_order":0,"comment_status":"closed","ping_status":"closed","template":"","meta":{"_uag_custom_page_level_css":"","site-sidebar-layout":"default","site-content-layout":"","ast-site-content-layout":"","site-content-style":"default","site-sidebar-style":"default","ast-global-header-display":"","ast-banner-title-visibility":"","ast-main-header-display":"","ast-hfb-above-header-display":"","ast-hfb-below-header-display":"","ast-hfb-mobile-header-display":"","site-post-title":"disabled","ast-breadcrumbs-content":"","ast-featured-img":"disabled","footer-sml-layout":"","ast-disable-related-posts":"","theme-transparent-header-meta":"","adv-header-id-meta":"","stick-header-meta":"","header-above-stick-meta":"","header-main-stick-meta":"","header-below-stick-meta":"","astra-migrate-meta-layouts":"default","ast-page-background-enabled":"default","ast-page-background-meta":{"desktop":{"background-color":"var(--ast-global-color-4)","background-image":"","background-repeat":"repeat","background-position":"center center","background-size":"auto","background-attachment":"scroll","background-type":"","background-media":"","overlay-type":"","overlay-color":"","overlay-opacity":"","overlay-gradient":""},"tablet":{"background-color":"","background-image":"","background-repeat":"repeat","background-position":"center center","background-size":"auto","background-attachment":"scroll","background-type":"","background-media":"","overlay-type":"","overlay-color":"","overlay-opacity":"","overlay-gradient":""},"mobile":{"background-color":"","background-image":"","background-repeat":"repeat","background-position":"center center","background-size":"auto","background-attachment":"scroll","background-type":"","background-media":"","overlay-type":"","overlay-color":"","overlay-opacity":"","overlay-gradient":""}},"ast-content-background-meta":{"desktop":{"background-color":"var(--ast-global-color-5)","background-image":"","background-repeat":"repeat","background-position":"center center","background-size":"auto","background-attachment":"scroll","background-type":"","background-media":"","overlay-type":"","overlay-color":"","overlay-opacity":"","overlay-gradient":""},"tablet":{"background-color":"var(--ast-global-color-5)","background-image":"","background-repeat":"repeat","background-position":"center center","background-size":"auto","background-attachment":"scroll","background-type":"","background-media":"","overlay-type":"","overlay-color":"","overlay-opacity":"","overlay-gradient":""},"mobile":{"background-color":"var(--ast-global-color-5)","background-image":"","background-repeat":"repeat","background-position":"center center","background-size":"auto","background-attachment":"scroll","background-type":"","background-media":"","overlay-type":"","overlay-color":"","overlay-opacity":"","overlay-gradient":""}},"footnotes":""},"class_list":["post-542","page","type-page","status-publish","has-post-thumbnail","hentry"],"yoast_head":"<!-- This site is optimized with the Yoast SEO plugin v27.3 - https:\/\/yoast.com\/product\/yoast-seo-wordpress\/ -->\n<title>Teagmh\u00e1il - T\u00f3char Wetlands<\/title>\n<meta name=\"robots\" content=\"index, follow, max-snippet:-1, max-image-preview:large, max-video-preview:-1\" \/>\n<link rel=\"canonical\" href=\"https:\/\/www.tocharwetlands.ie\/ga\/teagmhail\/\" \/>\n<meta property=\"og:locale\" content=\"ga_IE\" \/>\n<meta property=\"og:type\" content=\"article\" \/>\n<meta property=\"og:title\" content=\"Teagmh\u00e1il - T\u00f3char Wetlands\" \/>\n<meta property=\"og:description\" content=\"Teagmh\u00e1il Le haghaidh fiosr\u00fach\u00e1in ghinear\u00e1lta, d\u00e9an teagmh\u00e1il linn tr\u00edd an bhfoirm th\u00edos. Sc\u00e9im Athch\u00f3iri\u00fa Bogach T\u00f3char An Roinn Tith\u00edochta, Rialtais [&hellip;]\" \/>\n<meta property=\"og:url\" content=\"https:\/\/www.tocharwetlands.ie\/ga\/teagmhail\/\" \/>\n<meta property=\"og:site_name\" content=\"T\u00f3char Wetlands\" \/>\n<meta property=\"article:publisher\" content=\"https:\/\/www.tocharwetlands.ie\/\" \/>\n<meta property=\"article:modified_time\" content=\"2025-12-09T13:25:28+00:00\" \/>\n<meta property=\"og:image\" content=\"https:\/\/www.tocharwetlands.ie\/wp-content\/uploads\/2025\/04\/1W0A3243-scaled.jpg\" \/>\n\t<meta property=\"og:image:width\" content=\"2560\" \/>\n\t<meta property=\"og:image:height\" content=\"1563\" \/>\n\t<meta property=\"og:image:type\" content=\"image\/jpeg\" \/>\n<meta name=\"twitter:card\" content=\"summary_large_image\" \/>\n<script type=\"application\/ld+json\" class=\"yoast-schema-graph\">{\"@context\":\"https:\\\/\\\/schema.org\",\"@graph\":[{\"@type\":\"WebPage\",\"@id\":\"https:\\\/\\\/www.tocharwetlands.ie\\\/ga\\\/teagmhail\\\/\",\"url\":\"https:\\\/\\\/www.tocharwetlands.ie\\\/ga\\\/teagmhail\\\/\",\"name\":\"Teagmh\u00e1il - T\u00f3char Wetlands\",\"isPartOf\":{\"@id\":\"https:\\\/\\\/www.tocharwetlands.ie\\\/#website\"},\"primaryImageOfPage\":{\"@id\":\"https:\\\/\\\/www.tocharwetlands.ie\\\/ga\\\/teagmhail\\\/#primaryimage\"},\"image\":{\"@id\":\"https:\\\/\\\/www.tocharwetlands.ie\\\/ga\\\/teagmhail\\\/#primaryimage\"},\"thumbnailUrl\":\"https:\\\/\\\/www.tocharwetlands.ie\\\/wp-content\\\/uploads\\\/2025\\\/04\\\/1W0A3243-scaled.jpg\",\"datePublished\":\"2024-08-16T16:22:37+00:00\",\"dateModified\":\"2025-12-09T13:25:28+00:00\",\"breadcrumb\":{\"@id\":\"https:\\\/\\\/www.tocharwetlands.ie\\\/ga\\\/teagmhail\\\/#breadcrumb\"},\"inLanguage\":\"ga-IE\",\"potentialAction\":[{\"@type\":\"ReadAction\",\"target\":[\"https:\\\/\\\/www.tocharwetlands.ie\\\/ga\\\/teagmhail\\\/\"]}]},{\"@type\":\"ImageObject\",\"inLanguage\":\"ga-IE\",\"@id\":\"https:\\\/\\\/www.tocharwetlands.ie\\\/ga\\\/teagmhail\\\/#primaryimage\",\"url\":\"https:\\\/\\\/www.tocharwetlands.ie\\\/wp-content\\\/uploads\\\/2025\\\/04\\\/1W0A3243-scaled.jpg\",\"contentUrl\":\"https:\\\/\\\/www.tocharwetlands.ie\\\/wp-content\\\/uploads\\\/2025\\\/04\\\/1W0A3243-scaled.jpg\",\"width\":2560,\"height\":1563,\"caption\":\"Moss\"},{\"@type\":\"BreadcrumbList\",\"@id\":\"https:\\\/\\\/www.tocharwetlands.ie\\\/ga\\\/teagmhail\\\/#breadcrumb\",\"itemListElement\":[{\"@type\":\"ListItem\",\"position\":1,\"name\":\"Home\",\"item\":\"https:\\\/\\\/www.tocharwetlands.ie\\\/ga\\\/\"},{\"@type\":\"ListItem\",\"position\":2,\"name\":\"Teagmh\u00e1il\"}]},{\"@type\":\"WebSite\",\"@id\":\"https:\\\/\\\/www.tocharwetlands.ie\\\/#website\",\"url\":\"https:\\\/\\\/www.tocharwetlands.ie\\\/\",\"name\":\"T\u00f3char Wetlands\",\"description\":\"\",\"publisher\":{\"@id\":\"https:\\\/\\\/www.tocharwetlands.ie\\\/#organization\"},\"potentialAction\":[{\"@type\":\"SearchAction\",\"target\":{\"@type\":\"EntryPoint\",\"urlTemplate\":\"https:\\\/\\\/www.tocharwetlands.ie\\\/?s={search_term_string}\"},\"query-input\":{\"@type\":\"PropertyValueSpecification\",\"valueRequired\":true,\"valueName\":\"search_term_string\"}}],\"inLanguage\":\"ga-IE\"},{\"@type\":\"Organization\",\"@id\":\"https:\\\/\\\/www.tocharwetlands.ie\\\/#organization\",\"name\":\"T\u00f3char Wetlands\",\"url\":\"https:\\\/\\\/www.tocharwetlands.ie\\\/\",\"logo\":{\"@type\":\"ImageObject\",\"inLanguage\":\"ga-IE\",\"@id\":\"https:\\\/\\\/www.tocharwetlands.ie\\\/#\\\/schema\\\/logo\\\/image\\\/\",\"url\":\"https:\\\/\\\/www.tocharwetlands.ie\\\/wp-content\\\/uploads\\\/2024\\\/08\\\/cropped-Tochar-Title-Logo.png\",\"contentUrl\":\"https:\\\/\\\/www.tocharwetlands.ie\\\/wp-content\\\/uploads\\\/2024\\\/08\\\/cropped-Tochar-Title-Logo.png\",\"width\":823,\"height\":274,\"caption\":\"T\u00f3char Wetlands\"},\"image\":{\"@id\":\"https:\\\/\\\/www.tocharwetlands.ie\\\/#\\\/schema\\\/logo\\\/image\\\/\"},\"sameAs\":[\"https:\\\/\\\/www.tocharwetlands.ie\\\/\",\"https:\\\/\\\/www.instagram.com\\\/wetlandsrestoration\\\/\"]}]}<\/script>\n<!-- \/ Yoast SEO plugin. -->","yoast_head_json":{"title":"Teagmh\u00e1il - T\u00f3char Wetlands","robots":{"index":"index","follow":"follow","max-snippet":"max-snippet:-1","max-image-preview":"max-image-preview:large","max-video-preview":"max-video-preview:-1"},"canonical":"https:\/\/www.tocharwetlands.ie\/ga\/teagmhail\/","og_locale":"ga_IE","og_type":"article","og_title":"Teagmh\u00e1il - T\u00f3char Wetlands","og_description":"Teagmh\u00e1il Le haghaidh fiosr\u00fach\u00e1in ghinear\u00e1lta, d\u00e9an teagmh\u00e1il linn tr\u00edd an bhfoirm th\u00edos. Sc\u00e9im Athch\u00f3iri\u00fa Bogach T\u00f3char An Roinn Tith\u00edochta, Rialtais [&hellip;]","og_url":"https:\/\/www.tocharwetlands.ie\/ga\/teagmhail\/","og_site_name":"T\u00f3char Wetlands","article_publisher":"https:\/\/www.tocharwetlands.ie\/","article_modified_time":"2025-12-09T13:25:28+00:00","og_image":[{"width":2560,"height":1563,"url":"https:\/\/www.tocharwetlands.ie\/wp-content\/uploads\/2025\/04\/1W0A3243-scaled.jpg","type":"image\/jpeg"}],"twitter_card":"summary_large_image","schema":{"@context":"https:\/\/schema.org","@graph":[{"@type":"WebPage","@id":"https:\/\/www.tocharwetlands.ie\/ga\/teagmhail\/","url":"https:\/\/www.tocharwetlands.ie\/ga\/teagmhail\/","name":"Teagmh\u00e1il - T\u00f3char Wetlands","isPartOf":{"@id":"https:\/\/www.tocharwetlands.ie\/#website"},"primaryImageOfPage":{"@id":"https:\/\/www.tocharwetlands.ie\/ga\/teagmhail\/#primaryimage"},"image":{"@id":"https:\/\/www.tocharwetlands.ie\/ga\/teagmhail\/#primaryimage"},"thumbnailUrl":"https:\/\/www.tocharwetlands.ie\/wp-content\/uploads\/2025\/04\/1W0A3243-scaled.jpg","datePublished":"2024-08-16T16:22:37+00:00","dateModified":"2025-12-09T13:25:28+00:00","breadcrumb":{"@id":"https:\/\/www.tocharwetlands.ie\/ga\/teagmhail\/#breadcrumb"},"inLanguage":"ga-IE","potentialAction":[{"@type":"ReadAction","target":["https:\/\/www.tocharwetlands.ie\/ga\/teagmhail\/"]}]},{"@type":"ImageObject","inLanguage":"ga-IE","@id":"https:\/\/www.tocharwetlands.ie\/ga\/teagmhail\/#primaryimage","url":"https:\/\/www.tocharwetlands.ie\/wp-content\/uploads\/2025\/04\/1W0A3243-scaled.jpg","contentUrl":"https:\/\/www.tocharwetlands.ie\/wp-content\/uploads\/2025\/04\/1W0A3243-scaled.jpg","width":2560,"height":1563,"caption":"Moss"},{"@type":"BreadcrumbList","@id":"https:\/\/www.tocharwetlands.ie\/ga\/teagmhail\/#breadcrumb","itemListElement":[{"@type":"ListItem","position":1,"name":"Home","item":"https:\/\/www.tocharwetlands.ie\/ga\/"},{"@type":"ListItem","position":2,"name":"Teagmh\u00e1il"}]},{"@type":"WebSite","@id":"https:\/\/www.tocharwetlands.ie\/#website","url":"https:\/\/www.tocharwetlands.ie\/","name":"T\u00f3char Wetlands","description":"","publisher":{"@id":"https:\/\/www.tocharwetlands.ie\/#organization"},"potentialAction":[{"@type":"SearchAction","target":{"@type":"EntryPoint","urlTemplate":"https:\/\/www.tocharwetlands.ie\/?s={search_term_string}"},"query-input":{"@type":"PropertyValueSpecification","valueRequired":true,"valueName":"search_term_string"}}],"inLanguage":"ga-IE"},{"@type":"Organization","@id":"https:\/\/www.tocharwetlands.ie\/#organization","name":"T\u00f3char Wetlands","url":"https:\/\/www.tocharwetlands.ie\/","logo":{"@type":"ImageObject","inLanguage":"ga-IE","@id":"https:\/\/www.tocharwetlands.ie\/#\/schema\/logo\/image\/","url":"https:\/\/www.tocharwetlands.ie\/wp-content\/uploads\/2024\/08\/cropped-Tochar-Title-Logo.png","contentUrl":"https:\/\/www.tocharwetlands.ie\/wp-content\/uploads\/2024\/08\/cropped-Tochar-Title-Logo.png","width":823,"height":274,"caption":"T\u00f3char Wetlands"},"image":{"@id":"https:\/\/www.tocharwetlands.ie\/#\/schema\/logo\/image\/"},"sameAs":["https:\/\/www.tocharwetlands.ie\/","https:\/\/www.instagram.com\/wetlandsrestoration\/"]}]}},"spectra_custom_meta":{"adv-header-id-meta":[""],"stick-header-meta":[""],"site-post-title":["disabled"],"theme-transparent-header-meta":[""],"_top_nav_excluded":[""],"_cms_nav_minihome":[""],"_last_translation_edit_mode":["translation-editor"],"_cmplz_scanned_post":["1"],"_wp_page_template":[""],"_wpml_word_count":["{\"total\":53,\"to_translate\":{\"en\":53}}"],"_thumbnail_id":["1509"],"ast-main-header-display":[""],"ast-hfb-above-header-display":[""],"ast-hfb-below-header-display":[""],"ast-hfb-mobile-header-display":[""],"footer-sml-layout":[""],"header-main-stick-meta":[""],"header-above-stick-meta":[""],"header-below-stick-meta":[""],"site-sidebar-layout":["default"],"site-content-layout":[""],"ast-featured-img":["disabled"],"ast-breadcrumbs-content":[""],"ast-banner-title-visibility":[""],"ast-global-header-display":[""],"ast-site-content-layout":[""],"site-content-style":["default"],"site-sidebar-style":["default"],"_uag_page_assets":["a:9:{s:3:\"css\";s:0:\"\";s:2:\"js\";s:0:\"\";s:18:\"current_block_list\";a:16:{i:0;s:10:\"core\/group\";i:3;s:12:\"core\/heading\";i:4;s:14:\"core\/paragraph\";i:5;s:12:\"core\/columns\";i:6;s:11:\"core\/column\";i:7;s:36:\"contact-form-7\/contact-form-selector\";i:10;s:20:\"outermost\/icon-block\";i:11;s:11:\"core\/search\";i:12;s:17:\"core\/latest-posts\";i:13;s:20:\"core\/latest-comments\";i:14;s:13:\"core\/archives\";i:15;s:15:\"core\/categories\";i:16;s:14:\"core\/shortcode\";i:18;s:17:\"core\/social-links\";i:19;s:16:\"core\/social-link\";i:22;s:10:\"core\/image\";}s:8:\"uag_flag\";b:0;s:11:\"uag_version\";s:10:\"1776351914\";s:6:\"gfonts\";a:0:{}s:10:\"gfonts_url\";s:0:\"\";s:12:\"gfonts_files\";a:0:{}s:14:\"uag_faq_layout\";b:0;}"]},"uagb_featured_image_src":{"full":["https:\/\/www.tocharwetlands.ie\/wp-content\/uploads\/2025\/04\/1W0A3243-scaled.jpg",2560,1563,false],"thumbnail":["https:\/\/www.tocharwetlands.ie\/wp-content\/uploads\/2025\/04\/1W0A3243-150x150.jpg",150,150,true],"medium":["https:\/\/www.tocharwetlands.ie\/wp-content\/uploads\/2025\/04\/1W0A3243-300x183.jpg",300,183,true],"medium_large":["https:\/\/www.tocharwetlands.ie\/wp-content\/uploads\/2025\/04\/1W0A3243-768x469.jpg",768,469,true],"large":["https:\/\/www.tocharwetlands.ie\/wp-content\/uploads\/2025\/04\/1W0A3243-1024x625.jpg",1024,625,true],"1536x1536":["https:\/\/www.tocharwetlands.ie\/wp-content\/uploads\/2025\/04\/1W0A3243-1536x938.jpg",1536,938,true],"2048x2048":["https:\/\/www.tocharwetlands.ie\/wp-content\/uploads\/2025\/04\/1W0A3243-2048x1251.jpg",2048,1251,true]},"uagb_author_info":{"display_name":"Andrew Brennan","author_link":"https:\/\/www.tocharwetlands.ie\/ga\/author\/andrew-brennan\/"},"uagb_comment_info":0,"uagb_excerpt":"Teagmh\u00e1il Le haghaidh fiosr\u00fach\u00e1in ghinear\u00e1lta, d\u00e9an teagmh\u00e1il linn tr\u00edd an bhfoirm th\u00edos. Sc\u00e9im Athch\u00f3iri\u00fa Bogach T\u00f3char An Roinn Tith\u00edochta, Rialtais [&hellip;]","_links":{"self":[{"href":"https:\/\/www.tocharwetlands.ie\/ga\/wp-json\/wp\/v2\/pages\/542","targetHints":{"allow":["GET"]}}],"collection":[{"href":"https:\/\/www.tocharwetlands.ie\/ga\/wp-json\/wp\/v2\/pages"}],"about":[{"href":"https:\/\/www.tocharwetlands.ie\/ga\/wp-json\/wp\/v2\/types\/page"}],"author":[{"embeddable":true,"href":"https:\/\/www.tocharwetlands.ie\/ga\/wp-json\/wp\/v2\/users\/2"}],"replies":[{"embeddable":true,"href":"https:\/\/www.tocharwetlands.ie\/ga\/wp-json\/wp\/v2\/comments?post=542"}],"version-history":[{"count":5,"href":"https:\/\/www.tocharwetlands.ie\/ga\/wp-json\/wp\/v2\/pages\/542\/revisions"}],"predecessor-version":[{"id":2833,"href":"https:\/\/www.tocharwetlands.ie\/ga\/wp-json\/wp\/v2\/pages\/542\/revisions\/2833"}],"wp:featuredmedia":[{"embeddable":true,"href":"https:\/\/www.tocharwetlands.ie\/ga\/wp-json\/wp\/v2\/media\/1509"}],"wp:attachment":[{"href":"https:\/\/www.tocharwetlands.ie\/ga\/wp-json\/wp\/v2\/media?parent=542"}],"curies":[{"name":"wp","href":"https:\/\/api.w.org\/{rel}","templated":true}]}}